{"id":213,"date":"2024-04-29T13:13:07","date_gmt":"2024-04-29T11:13:07","guid":{"rendered":"https:\/\/cells-ia.com\/?page_id=213"},"modified":"2025-01-08T16:19:47","modified_gmt":"2025-01-08T15:19:47","slug":"mitosis","status":"publish","type":"page","link":"https:\/\/cells-ia.com\/en\/ai-solutions\/mitosis\/","title":{"rendered":"Mitosis"},"content":{"rendered":"<div data-elementor-type=\"wp-post\" data-elementor-id=\"213\" class=\"elementor elementor-213\" data-elementor-post-type=\"page\">\n\t\t\t\t<div class=\"elementor-element elementor-element-cba5700 e-flex e-con-boxed e-con e-parent\" data-id=\"cba5700\" data-element_type=\"container\" data-settings=\"{&quot;background_background&quot;:&quot;classic&quot;}\">\n\t\t\t\t\t<div class=\"e-con-inner\">\n\t\t<div class=\"elementor-element elementor-element-a9fbf63 eclipse-pink e-flex e-con-boxed e-con e-child\" data-id=\"a9fbf63\" data-element_type=\"container\" data-settings=\"{&quot;position&quot;:&quot;absolute&quot;}\">\n\t\t\t\t\t<div class=\"e-con-inner\">\n\t\t\t\t\t<\/div>\n\t\t\t\t<\/div>\n\t\t<div class=\"elementor-element elementor-element-6441c40 e-flex e-con-boxed e-con e-child\" data-id=\"6441c40\" data-element_type=\"container\" data-settings=\"{&quot;background_background&quot;:&quot;classic&quot;,&quot;position&quot;:&quot;absolute&quot;}\">\n\t\t\t\t\t<div class=\"e-con-inner\">\n\t\t\t\t\t<\/div>\n\t\t\t\t<\/div>\n\t\t<div class=\"elementor-element elementor-element-fd08246 e-flex e-con-boxed e-con e-child\" data-id=\"fd08246\" data-element_type=\"container\">\n\t\t\t\t\t<div class=\"e-con-inner\">\n\t\t\t\t<div class=\"elementor-element elementor-element-ad82166 elementor-widget elementor-widget-heading\" data-id=\"ad82166\" data-element_type=\"widget\" data-widget_type=\"heading.default\">\n\t\t\t\t<div class=\"elementor-widget-container\">\n\t\t\t\t\t<h2 class=\"elementor-heading-title elementor-size-default\">AI Solutions<\/h2>\t\t\t\t<\/div>\n\t\t\t\t<\/div>\n\t\t\t\t<div class=\"elementor-element elementor-element-d0880b0 degradado2 elementor-widget elementor-widget-heading\" data-id=\"d0880b0\" data-element_type=\"widget\" data-widget_type=\"heading.default\">\n\t\t\t\t<div class=\"elementor-widget-container\">\n\t\t\t\t\t<h1 class=\"elementor-heading-title elementor-size-default\">Mitosis<\/h1>\t\t\t\t<\/div>\n\t\t\t\t<\/div>\n\t\t\t\t<div class=\"elementor-element elementor-element-c9acbf6 elementor-hidden-mobile elementor-widget elementor-widget-image\" data-id=\"c9acbf6\" data-element_type=\"widget\" data-widget_type=\"image.default\">\n\t\t\t\t<div class=\"elementor-widget-container\">\n\t\t\t\t\t\t\t\t\t\t\t\t\t\t\t<img fetchpriority=\"high\" decoding=\"async\" width=\"1478\" height=\"1018\" src=\"https:\/\/cells-ia.com\/wp-content\/uploads\/2024\/07\/mitosis.webp\" class=\"attachment-full size-full wp-image-2716\" alt=\"\" srcset=\"https:\/\/cells-ia.com\/wp-content\/uploads\/2024\/07\/mitosis.webp 1478w, https:\/\/cells-ia.com\/wp-content\/uploads\/2024\/07\/mitosis-300x207.webp 300w, https:\/\/cells-ia.com\/wp-content\/uploads\/2024\/07\/mitosis-1024x705.webp 1024w, https:\/\/cells-ia.com\/wp-content\/uploads\/2024\/07\/mitosis-768x529.webp 768w\" sizes=\"(max-width: 1478px) 100vw, 1478px\" \/>\t\t\t\t\t\t\t\t\t\t\t\t\t\t\t<\/div>\n\t\t\t\t<\/div>\n\t\t\t\t<div class=\"elementor-element elementor-element-bd0506a elementor-hidden-desktop elementor-hidden-tablet elementor-widget elementor-widget-image\" data-id=\"bd0506a\" data-element_type=\"widget\" data-widget_type=\"image.default\">\n\t\t\t\t<div class=\"elementor-widget-container\">\n\t\t\t\t\t\t\t\t\t\t\t\t\t\t\t<img decoding=\"async\" width=\"471\" height=\"764\" src=\"https:\/\/cells-ia.com\/wp-content\/uploads\/2024\/07\/mitosismob.webp\" class=\"attachment-full size-full wp-image-2718\" alt=\"\" srcset=\"https:\/\/cells-ia.com\/wp-content\/uploads\/2024\/07\/mitosismob.webp 471w, https:\/\/cells-ia.com\/wp-content\/uploads\/2024\/07\/mitosismob-185x300.webp 185w\" sizes=\"(max-width: 471px) 100vw, 471px\" \/>\t\t\t\t\t\t\t\t\t\t\t\t\t\t\t<\/div>\n\t\t\t\t<\/div>\n\t\t\t\t<div class=\"elementor-element elementor-element-1fcb80c elementor-widget__width-initial elementor-widget elementor-widget-text-editor\" data-id=\"1fcb80c\" data-element_type=\"widget\" data-widget_type=\"text-editor.default\">\n\t\t\t\t<div class=\"elementor-widget-container\">\n\t\t\t\t\t\t\t\t\tAI Algorithm for Mitosis: Accurate Quantification of Mitoses in Tumor Tissues, Optimizing Histopathological Analysis and Facilitating Tumor Grading\t\t\t\t\t\t\t\t<\/div>\n\t\t\t\t<\/div>\n\t\t\t\t\t<\/div>\n\t\t\t\t<\/div>\n\t\t\t\t\t<\/div>\n\t\t\t\t<\/div>\n\t\t<div class=\"elementor-element elementor-element-c778012 e-flex e-con-boxed e-con e-parent\" data-id=\"c778012\" data-element_type=\"container\">\n\t\t\t\t\t<div class=\"e-con-inner\">\n\t\t\t\t<div class=\"elementor-element elementor-element-0b30850 solution_tabs elementor-widget elementor-widget-jet-tabs\" data-id=\"0b30850\" data-element_type=\"widget\" data-settings=\"{&quot;tabs_position&quot;:&quot;top&quot;,&quot;no_active_tabs&quot;:&quot;false&quot;}\" data-widget_type=\"jet-tabs.default\">\n\t\t\t\t<div class=\"elementor-widget-container\">\n\t\t\t\t\t\n\t\t<div class=\"jet-tabs jet-tabs-position-top jet-tabs-fade-effect\" data-settings=\"{&quot;activeIndex&quot;:0,&quot;event&quot;:&quot;click&quot;,&quot;autoSwitch&quot;:false,&quot;autoSwitchDelay&quot;:3000,&quot;ajaxTemplate&quot;:false,&quot;tabsPosition&quot;:&quot;top&quot;,&quot;switchScrolling&quot;:false,&quot;switchScrollingOffset&quot;:0}\">\n\t\t\t<div class=\"jet-tabs__control-wrapper\" role=\"tablist\">\n                                    <div id=\"jet-tabs-control-1171\" class=\"jet-tabs__control jet-tabs__control-icon-left elementor-menu-anchor active-tab\" data-tab=\"1\" tabindex=\"0\" role=\"tab\" aria-controls=\"jet-tabs-content-1171\" aria-expanded=\"true\" data-template-id=\"741\"><div class=\"jet-tabs__control-inner\"><div class=\"jet-tabs__label-text\">CS-PHH3<\/div><\/div><\/div>\n                    \t\t\t    <\/div>\n\t\t\t<div class=\"jet-tabs__content-wrapper\">\n\t\t\t\t<div id=\"jet-tabs-content-1171\" class=\"jet-tabs__content active-content\" data-tab=\"1\" role=\"tabpanel\" aria-hidden=\"false\" data-template-id=\"741\">\t\t<div data-elementor-type=\"container\" data-elementor-id=\"741\" class=\"elementor elementor-741\" data-elementor-post-type=\"elementor_library\">\n\t\t\t\t<div class=\"elementor-element elementor-element-0952fe3 tab-solucion e-flex e-con-boxed e-con e-parent\" data-id=\"0952fe3\" data-element_type=\"container\">\n\t\t\t\t\t<div class=\"e-con-inner\">\n\t\t<div class=\"elementor-element elementor-element-a2e3dd3 e-flex e-con-boxed e-con e-child\" data-id=\"a2e3dd3\" data-element_type=\"container\">\n\t\t\t\t\t<div class=\"e-con-inner\">\n\t\t\t\t<div class=\"elementor-element elementor-element-b7a33d9 tab-solucion_titlesup elementor-widget elementor-widget-heading\" data-id=\"b7a33d9\" data-element_type=\"widget\" data-widget_type=\"heading.default\">\n\t\t\t\t<div class=\"elementor-widget-container\">\n\t\t\t\t\t<h2 class=\"elementor-heading-title elementor-size-default\">CS-PHH3 Algorithm by NucleIQ\u00ae for <span class=\"degradado\">PHH3 Evaluation in Tumors <span class=\"ce\"><\/span><\/span><\/h2>\t\t\t\t<\/div>\n\t\t\t\t<\/div>\n\t\t\t\t\t<\/div>\n\t\t\t\t<\/div>\n\t\t<div class=\"elementor-element elementor-element-cfaf1d1 e-flex e-con-boxed e-con e-child\" data-id=\"cfaf1d1\" data-element_type=\"container\">\n\t\t\t\t\t<div class=\"e-con-inner\">\n\t\t<div class=\"elementor-element elementor-element-b0b1967 tab-solucion_left e-flex e-con-boxed e-con e-child\" data-id=\"b0b1967\" data-element_type=\"container\">\n\t\t\t\t\t<div class=\"e-con-inner\">\n\t\t\t\t<div class=\"elementor-element elementor-element-e429c5f elementor-widget elementor-widget-jet-listing-dynamic-repeater\" data-id=\"e429c5f\" data-element_type=\"widget\" data-widget_type=\"jet-listing-dynamic-repeater.default\">\n\t\t\t\t<div class=\"elementor-widget-container\">\n\t\t\t\t\t<div class=\"jet-listing jet-listing-dynamic-repeater\"><div class=\"jet-listing-dynamic-repeater__items\"><li class=\"jet-listing-dynamic-repeater__item\"><div class=\"tab-solucion\">\n<img decoding=\"async\" src=\"https:\/\/cells-ia.com\/wp-content\/uploads\/2024\/05\/1.svg\">\n<h3 class=\"tab-solucion_title translation-block\">Automation and Quantification in Mitosis Evaluation<\/h3>\n<\/div><\/li><li class=\"jet-listing-dynamic-repeater__item\"><div class=\"tab-solucion\">\n<img decoding=\"async\" src=\"https:\/\/cells-ia.com\/wp-content\/uploads\/2024\/05\/2.svg\">\n<h3 class=\"tab-solucion_title translation-block\">Improved Precision and Efficiency<\/h3>\n<\/div><\/li><li class=\"jet-listing-dynamic-repeater__item\"><div class=\"tab-solucion\">\n<img decoding=\"async\" src=\"https:\/\/cells-ia.com\/wp-content\/uploads\/2024\/04\/7.svg\">\n<h3 class=\"tab-solucion_title translation-block\">Variability Reduction<\/h3>\n<\/div><\/li><li class=\"jet-listing-dynamic-repeater__item\"><div class=\"tab-solucion\">\n<img decoding=\"async\" src=\"https:\/\/cells-ia.com\/wp-content\/uploads\/2024\/05\/4.svg\">\n<h3 class=\"tab-solucion_title translation-block\">Standardization in Tumor Analysis<\/h3>\n<\/div><\/li><\/div><\/div>\t\t\t\t<\/div>\n\t\t\t\t<\/div>\n\t\t\t\t<div class=\"elementor-element elementor-element-f1ca5ad elementor-hidden-desktop elementor-hidden-tablet elementor-widget elementor-widget-image\" data-id=\"f1ca5ad\" data-element_type=\"widget\" data-widget_type=\"image.default\">\n\t\t\t\t<div class=\"elementor-widget-container\">\n\t\t\t\t\t\t\t\t\t\t\t\t\t\t\t<img decoding=\"async\" width=\"561\" height=\"335\" src=\"https:\/\/cells-ia.com\/wp-content\/uploads\/2024\/04\/mit23.webp\" class=\"attachment-large size-large wp-image-1204\" alt=\"\" srcset=\"https:\/\/cells-ia.com\/wp-content\/uploads\/2024\/04\/mit23.webp 561w, https:\/\/cells-ia.com\/wp-content\/uploads\/2024\/04\/mit23-300x179.webp 300w\" sizes=\"(max-width: 561px) 100vw, 561px\" \/>\t\t\t\t\t\t\t\t\t\t\t\t\t\t\t<\/div>\n\t\t\t\t<\/div>\n\t\t\t\t<div class=\"elementor-element elementor-element-2e23769 elementor-widget elementor-widget-jet-listing-dynamic-link\" data-id=\"2e23769\" data-element_type=\"widget\" data-widget_type=\"jet-listing-dynamic-link.default\">\n\t\t\t\t<div class=\"elementor-widget-container\">\n\t\t\t\t\t<a href=\"https:\/\/cells-ia.com\/en\/ai-solutions\/mitosis\/cs-phh3\/\" class=\"jet-listing-dynamic-link__link\">More information<\/a>\t\t\t\t<\/div>\n\t\t\t\t<\/div>\n\t\t\t\t\t<\/div>\n\t\t\t\t<\/div>\n\t\t<div class=\"elementor-element elementor-element-7be4562 tab-solucion_right elementor-hidden-mobile e-flex e-con-boxed e-con e-child\" data-id=\"7be4562\" data-element_type=\"container\">\n\t\t\t\t\t<div class=\"e-con-inner\">\n\t\t\t\t<div class=\"elementor-element elementor-element-08d8b55 elementor-widget elementor-widget-image\" data-id=\"08d8b55\" data-element_type=\"widget\" data-widget_type=\"image.default\">\n\t\t\t\t<div class=\"elementor-widget-container\">\n\t\t\t\t\t\t\t\t\t\t\t\t\t\t\t<img decoding=\"async\" width=\"561\" height=\"335\" src=\"https:\/\/cells-ia.com\/wp-content\/uploads\/2024\/04\/mit23.webp\" class=\"attachment-large size-large wp-image-1204\" alt=\"\" srcset=\"https:\/\/cells-ia.com\/wp-content\/uploads\/2024\/04\/mit23.webp 561w, https:\/\/cells-ia.com\/wp-content\/uploads\/2024\/04\/mit23-300x179.webp 300w\" sizes=\"(max-width: 561px) 100vw, 561px\" \/>\t\t\t\t\t\t\t\t\t\t\t\t\t\t\t<\/div>\n\t\t\t\t<\/div>\n\t\t\t\t\t<\/div>\n\t\t\t\t<\/div>\n\t\t\t\t\t<\/div>\n\t\t\t\t<\/div>\n\t\t\t\t\t<\/div>\n\t\t\t\t<\/div>\n\t\t\t\t<\/div>\n\t\t<\/div>\t\t\t<\/div>\n\t\t\t\t\t<\/div>\n\t\t\t\t\t\t<\/div>\n\t\t\t\t<\/div>\n\t\t\t\t\t<\/div>\n\t\t\t\t<\/div>\n\t\t<div class=\"elementor-element elementor-element-6b75f0e e-flex e-con-boxed e-con e-parent\" data-id=\"6b75f0e\" data-element_type=\"container\">\n\t\t\t\t\t<div class=\"e-con-inner\">\n\t\t\t\t<div class=\"elementor-element elementor-element-a24a9aa elementor-widget elementor-widget-template\" data-id=\"a24a9aa\" data-element_type=\"widget\" data-widget_type=\"template.default\">\n\t\t\t\t<div class=\"elementor-widget-container\">\n\t\t\t\t\t\t\t<div class=\"elementor-template\">\n\t\t\t\t\t<div data-elementor-type=\"container\" data-elementor-id=\"1239\" class=\"elementor elementor-1239\" data-elementor-post-type=\"elementor_library\">\n\t\t\t\t<div class=\"elementor-element elementor-element-866cfc5 e-flex e-con-boxed e-con e-parent\" data-id=\"866cfc5\" data-element_type=\"container\" data-settings=\"{&quot;background_background&quot;:&quot;classic&quot;}\">\n\t\t\t\t\t<div class=\"e-con-inner\">\n\t\t<div class=\"elementor-element elementor-element-6f84dbb eclipse-green e-flex e-con-boxed e-con e-child\" data-id=\"6f84dbb\" data-element_type=\"container\" data-settings=\"{&quot;position&quot;:&quot;absolute&quot;,&quot;background_background&quot;:&quot;classic&quot;}\">\n\t\t\t\t\t<div class=\"e-con-inner\">\n\t\t\t\t\t<\/div>\n\t\t\t\t<\/div>\n\t\t<div class=\"elementor-element elementor-element-4db6894 e-flex e-con-boxed e-con e-child\" data-id=\"4db6894\" data-element_type=\"container\" data-settings=\"{&quot;background_background&quot;:&quot;classic&quot;}\">\n\t\t\t\t\t<div class=\"e-con-inner\">\n\t\t\t\t<div class=\"elementor-element elementor-element-9d65ef7 elementor-widget__width-initial elementor-widget elementor-widget-heading\" data-id=\"9d65ef7\" data-element_type=\"widget\" data-widget_type=\"heading.default\">\n\t\t\t\t<div class=\"elementor-widget-container\">\n\t\t\t\t\t<h4 class=\"elementor-heading-title elementor-size-default\">Redefining pathology through innovation<\/h4>\t\t\t\t<\/div>\n\t\t\t\t<\/div>\n\t\t\t\t\t<\/div>\n\t\t\t\t<\/div>\n\t\t\t\t\t<\/div>\n\t\t\t\t<\/div>\n\t\t\t\t<\/div>\n\t\t\t\t<\/div>\n\t\t\t\t\t\t<\/div>\n\t\t\t\t<\/div>\n\t\t\t\t\t<\/div>\n\t\t\t\t<\/div>\n\t\t\t\t<\/div>","protected":false},"excerpt":{"rendered":"<p>Soluciones IA Algoritmo de IA para mitosis: cuantificaci\u00f3n precisa de mitosis en tejidos tumorales, optimizando el an\u00e1lisis histopatol\u00f3gico y facilitando la clasificaci\u00f3n del grado tumoral. Automatizaci\u00f3n en la Evaluaci\u00f3n de Mitosis Precisi\u00f3n y Eficiencia Mejoradas Reducci\u00f3n de la Variabilidad Estandarizaci\u00f3n en el An\u00e1lisis de Tumores M\u00e1s informaci\u00f3n<\/p>","protected":false},"author":1,"featured_media":0,"parent":18,"menu_order":0,"comment_status":"closed","ping_status":"closed","template":"","meta":{"footnotes":""},"class_list":["post-213","page","type-page","status-publish","hentry"],"yoast_head":"<!-- This site is optimized with the Yoast SEO plugin v25.2 - https:\/\/yoast.com\/wordpress\/plugins\/seo\/ -->\n<title>Mitosis - CELLS IA<\/title>\n<meta name=\"robots\" content=\"index, follow, max-snippet:-1, max-image-preview:large, max-video-preview:-1\" \/>\n<link rel=\"canonical\" href=\"https:\/\/cells-ia.com\/en\/ai-solutions\/mitosis\/\" \/>\n<meta property=\"og:locale\" content=\"en_US\" \/>\n<meta property=\"og:type\" content=\"article\" \/>\n<meta property=\"og:title\" content=\"Mitosis - CELLS IA\" \/>\n<meta property=\"og:description\" content=\"Soluciones IA Algoritmo de IA para mitosis: cuantificaci\u00f3n precisa de mitosis en tejidos tumorales, optimizando el an\u00e1lisis histopatol\u00f3gico y facilitando la clasificaci\u00f3n del grado tumoral. Automatizaci\u00f3n en la Evaluaci\u00f3n de Mitosis Precisi\u00f3n y Eficiencia Mejoradas Reducci\u00f3n de la Variabilidad Estandarizaci\u00f3n en el An\u00e1lisis de Tumores M\u00e1s informaci\u00f3n\" \/>\n<meta property=\"og:url\" content=\"https:\/\/cells-ia.com\/en\/ai-solutions\/mitosis\/\" \/>\n<meta property=\"og:site_name\" content=\"CELLS IA\" \/>\n<meta property=\"article:modified_time\" content=\"2025-01-08T15:19:47+00:00\" \/>\n<meta property=\"og:image\" content=\"https:\/\/cells-ia.com\/wp-content\/uploads\/2024\/07\/mitosis.webp\" \/>\n\t<meta property=\"og:image:width\" content=\"1478\" \/>\n\t<meta property=\"og:image:height\" content=\"1018\" \/>\n\t<meta property=\"og:image:type\" content=\"image\/webp\" \/>\n<meta name=\"twitter:card\" content=\"summary_large_image\" \/>\n<script type=\"application\/ld+json\" class=\"yoast-schema-graph\">{\"@context\":\"https:\/\/schema.org\",\"@graph\":[{\"@type\":\"WebPage\",\"@id\":\"https:\/\/cells-ia.com\/soluciones-ia\/mitosis\/\",\"url\":\"https:\/\/cells-ia.com\/soluciones-ia\/mitosis\/\",\"name\":\"Mitosis - CELLS IA\",\"isPartOf\":{\"@id\":\"https:\/\/cells-ia.com\/#website\"},\"primaryImageOfPage\":{\"@id\":\"https:\/\/cells-ia.com\/soluciones-ia\/mitosis\/#primaryimage\"},\"image\":{\"@id\":\"https:\/\/cells-ia.com\/soluciones-ia\/mitosis\/#primaryimage\"},\"thumbnailUrl\":\"https:\/\/cells-ia.com\/wp-content\/uploads\/2024\/07\/mitosis.webp\",\"datePublished\":\"2024-04-29T11:13:07+00:00\",\"dateModified\":\"2025-01-08T15:19:47+00:00\",\"breadcrumb\":{\"@id\":\"https:\/\/cells-ia.com\/soluciones-ia\/mitosis\/#breadcrumb\"},\"inLanguage\":\"en-US\",\"potentialAction\":[{\"@type\":\"ReadAction\",\"target\":[\"https:\/\/cells-ia.com\/soluciones-ia\/mitosis\/\"]}]},{\"@type\":\"ImageObject\",\"inLanguage\":\"en-US\",\"@id\":\"https:\/\/cells-ia.com\/soluciones-ia\/mitosis\/#primaryimage\",\"url\":\"https:\/\/cells-ia.com\/wp-content\/uploads\/2024\/07\/mitosis.webp\",\"contentUrl\":\"https:\/\/cells-ia.com\/wp-content\/uploads\/2024\/07\/mitosis.webp\"},{\"@type\":\"BreadcrumbList\",\"@id\":\"https:\/\/cells-ia.com\/soluciones-ia\/mitosis\/#breadcrumb\",\"itemListElement\":[{\"@type\":\"ListItem\",\"position\":1,\"name\":\"Portada\",\"item\":\"https:\/\/cells-ia.com\/\"},{\"@type\":\"ListItem\",\"position\":2,\"name\":\"Soluciones IA\",\"item\":\"https:\/\/cells-ia.com\/soluciones-ia\/\"},{\"@type\":\"ListItem\",\"position\":3,\"name\":\"Mitosis\"}]},{\"@type\":\"WebSite\",\"@id\":\"https:\/\/cells-ia.com\/#website\",\"url\":\"https:\/\/cells-ia.com\/\",\"name\":\"CELLS IA\",\"description\":\"\",\"publisher\":{\"@id\":\"https:\/\/cells-ia.com\/#organization\"},\"potentialAction\":[{\"@type\":\"SearchAction\",\"target\":{\"@type\":\"EntryPoint\",\"urlTemplate\":\"https:\/\/cells-ia.com\/?s={search_term_string}\"},\"query-input\":{\"@type\":\"PropertyValueSpecification\",\"valueRequired\":true,\"valueName\":\"search_term_string\"}}],\"inLanguage\":\"en-US\"},{\"@type\":\"Organization\",\"@id\":\"https:\/\/cells-ia.com\/#organization\",\"name\":\"CELLS IA\",\"url\":\"https:\/\/cells-ia.com\/\",\"logo\":{\"@type\":\"ImageObject\",\"inLanguage\":\"en-US\",\"@id\":\"https:\/\/cells-ia.com\/#\/schema\/logo\/image\/\",\"url\":\"https:\/\/cells-ia.com\/wp-content\/uploads\/2024\/04\/cellslogo.svg\",\"contentUrl\":\"https:\/\/cells-ia.com\/wp-content\/uploads\/2024\/04\/cellslogo.svg\",\"width\":150,\"height\":36,\"caption\":\"CELLS IA\"},\"image\":{\"@id\":\"https:\/\/cells-ia.com\/#\/schema\/logo\/image\/\"},\"sameAs\":[\"https:\/\/es.linkedin.com\/company\/cellsia\"]}]}<\/script>\n<!-- \/ Yoast SEO plugin. -->","yoast_head_json":{"title":"Mitosis - CELLS IA","robots":{"index":"index","follow":"follow","max-snippet":"max-snippet:-1","max-image-preview":"max-image-preview:large","max-video-preview":"max-video-preview:-1"},"canonical":"https:\/\/cells-ia.com\/en\/ai-solutions\/mitosis\/","og_locale":"en_US","og_type":"article","og_title":"Mitosis - CELLS IA","og_description":"Soluciones IA Algoritmo de IA para mitosis: cuantificaci\u00f3n precisa de mitosis en tejidos tumorales, optimizando el an\u00e1lisis histopatol\u00f3gico y facilitando la clasificaci\u00f3n del grado tumoral. Automatizaci\u00f3n en la Evaluaci\u00f3n de Mitosis Precisi\u00f3n y Eficiencia Mejoradas Reducci\u00f3n de la Variabilidad Estandarizaci\u00f3n en el An\u00e1lisis de Tumores M\u00e1s informaci\u00f3n","og_url":"https:\/\/cells-ia.com\/en\/ai-solutions\/mitosis\/","og_site_name":"CELLS IA","article_modified_time":"2025-01-08T15:19:47+00:00","og_image":[{"width":1478,"height":1018,"url":"https:\/\/cells-ia.com\/wp-content\/uploads\/2024\/07\/mitosis.webp","type":"image\/webp"}],"twitter_card":"summary_large_image","schema":{"@context":"https:\/\/schema.org","@graph":[{"@type":"WebPage","@id":"https:\/\/cells-ia.com\/soluciones-ia\/mitosis\/","url":"https:\/\/cells-ia.com\/soluciones-ia\/mitosis\/","name":"Mitosis - CELLS IA","isPartOf":{"@id":"https:\/\/cells-ia.com\/#website"},"primaryImageOfPage":{"@id":"https:\/\/cells-ia.com\/soluciones-ia\/mitosis\/#primaryimage"},"image":{"@id":"https:\/\/cells-ia.com\/soluciones-ia\/mitosis\/#primaryimage"},"thumbnailUrl":"https:\/\/cells-ia.com\/wp-content\/uploads\/2024\/07\/mitosis.webp","datePublished":"2024-04-29T11:13:07+00:00","dateModified":"2025-01-08T15:19:47+00:00","breadcrumb":{"@id":"https:\/\/cells-ia.com\/soluciones-ia\/mitosis\/#breadcrumb"},"inLanguage":"en-US","potentialAction":[{"@type":"ReadAction","target":["https:\/\/cells-ia.com\/soluciones-ia\/mitosis\/"]}]},{"@type":"ImageObject","inLanguage":"en-US","@id":"https:\/\/cells-ia.com\/soluciones-ia\/mitosis\/#primaryimage","url":"https:\/\/cells-ia.com\/wp-content\/uploads\/2024\/07\/mitosis.webp","contentUrl":"https:\/\/cells-ia.com\/wp-content\/uploads\/2024\/07\/mitosis.webp"},{"@type":"BreadcrumbList","@id":"https:\/\/cells-ia.com\/soluciones-ia\/mitosis\/#breadcrumb","itemListElement":[{"@type":"ListItem","position":1,"name":"Portada","item":"https:\/\/cells-ia.com\/"},{"@type":"ListItem","position":2,"name":"Soluciones IA","item":"https:\/\/cells-ia.com\/soluciones-ia\/"},{"@type":"ListItem","position":3,"name":"Mitosis"}]},{"@type":"WebSite","@id":"https:\/\/cells-ia.com\/#website","url":"https:\/\/cells-ia.com\/","name":"CELLS IA","description":"","publisher":{"@id":"https:\/\/cells-ia.com\/#organization"},"potentialAction":[{"@type":"SearchAction","target":{"@type":"EntryPoint","urlTemplate":"https:\/\/cells-ia.com\/?s={search_term_string}"},"query-input":{"@type":"PropertyValueSpecification","valueRequired":true,"valueName":"search_term_string"}}],"inLanguage":"en-US"},{"@type":"Organization","@id":"https:\/\/cells-ia.com\/#organization","name":"CELLS IA","url":"https:\/\/cells-ia.com\/","logo":{"@type":"ImageObject","inLanguage":"en-US","@id":"https:\/\/cells-ia.com\/#\/schema\/logo\/image\/","url":"https:\/\/cells-ia.com\/wp-content\/uploads\/2024\/04\/cellslogo.svg","contentUrl":"https:\/\/cells-ia.com\/wp-content\/uploads\/2024\/04\/cellslogo.svg","width":150,"height":36,"caption":"CELLS IA"},"image":{"@id":"https:\/\/cells-ia.com\/#\/schema\/logo\/image\/"},"sameAs":["https:\/\/es.linkedin.com\/company\/cellsia"]}]}},"_links":{"self":[{"href":"https:\/\/cells-ia.com\/en\/wp-json\/wp\/v2\/pages\/213","targetHints":{"allow":["GET"]}}],"collection":[{"href":"https:\/\/cells-ia.com\/en\/wp-json\/wp\/v2\/pages"}],"about":[{"href":"https:\/\/cells-ia.com\/en\/wp-json\/wp\/v2\/types\/page"}],"author":[{"embeddable":true,"href":"https:\/\/cells-ia.com\/en\/wp-json\/wp\/v2\/users\/1"}],"replies":[{"embeddable":true,"href":"https:\/\/cells-ia.com\/en\/wp-json\/wp\/v2\/comments?post=213"}],"version-history":[{"count":41,"href":"https:\/\/cells-ia.com\/en\/wp-json\/wp\/v2\/pages\/213\/revisions"}],"predecessor-version":[{"id":2837,"href":"https:\/\/cells-ia.com\/en\/wp-json\/wp\/v2\/pages\/213\/revisions\/2837"}],"up":[{"embeddable":true,"href":"https:\/\/cells-ia.com\/en\/wp-json\/wp\/v2\/pages\/18"}],"wp:attachment":[{"href":"https:\/\/cells-ia.com\/en\/wp-json\/wp\/v2\/media?parent=213"}],"curies":[{"name":"wp","href":"https:\/\/api.w.org\/{rel}","templated":true}]}}