{"id":3,"date":"2024-04-22T11:41:47","date_gmt":"2024-04-22T09:41:47","guid":{"rendered":"https:\/\/cells-ia.com\/?page_id=3"},"modified":"2026-03-19T22:14:14","modified_gmt":"2026-03-19T21:14:14","slug":"privacy-policy","status":"publish","type":"page","link":"https:\/\/cells-ia.com\/en\/privacy-policy\/","title":{"rendered":"Privacy Policy"},"content":{"rendered":"<div data-elementor-type=\"wp-page\" data-elementor-id=\"3\" class=\"elementor elementor-3\" data-elementor-post-type=\"page\">\n\t\t\t\t<div class=\"elementor-element elementor-element-3e170da e-flex e-con-boxed e-con e-parent\" data-id=\"3e170da\" data-element_type=\"container\">\n\t\t\t\t\t<div class=\"e-con-inner\">\n\t\t\t\t<div class=\"elementor-element elementor-element-384d26b elementor-widget elementor-widget-heading\" data-id=\"384d26b\" data-element_type=\"widget\" data-widget_type=\"heading.default\">\n\t\t\t\t<div class=\"elementor-widget-container\">\n\t\t\t\t\t<h1 class=\"elementor-heading-title elementor-size-default\">Privacy Policy<\/h1>\t\t\t\t<\/div>\n\t\t\t\t<\/div>\n\t\t\t\t<div class=\"elementor-element elementor-element-d1b4e9a elementor-widget__width-initial elementor-widget elementor-widget-text-editor\" data-id=\"d1b4e9a\" data-element_type=\"widget\" data-widget_type=\"text-editor.default\">\n\t\t\t\t<div class=\"elementor-widget-container\">\n\t\t\t\t\t\t\t\t\t<p><b>PERSONAL DATA PROTECTION INFORMATION<\/b><\/p><p><span style=\"font-weight: 400;\">In accordance with Regulation (EU) 2016\/679 of the European Parliament and of the Council of 27 April 2016 on the protection of natural persons with regard to the processing of personal data and on the free movement of such data, we hereby provide you with the basic information regarding the processing of your personal data collected through this website (hereinafter, the \"Website\"):\u00a0\u00a0<\/span><\/p><table><tbody><tr><td colspan=\"2\"><p><b>Basic Information on Data Protection<\/b><\/p><\/td><\/tr><tr><td><p><b>Controller<\/b><\/p><\/td><td><p><span style=\"font-weight: 400;\">CELLS IA TECHNOLOGIES S.L.<\/span><i><span style=\"font-weight: 400;\"> hereinafter CELLS IA \u2013 See general information in the full privacy policy.<\/span><\/i><\/p><ul><li style=\"font-weight: 400;\" aria-level=\"1\"><i><span style=\"font-weight: 400;\">Postal address: calle Juli\u00e1n Camarillo, 35- 28037 Madrid\u00a0<\/span><\/i><\/li><li style=\"font-weight: 400;\" aria-level=\"1\"><i><span style=\"font-weight: 400;\">Phone: 91 375 62 30\u00a0<\/span><\/i><\/li><li style=\"font-weight: 400;\" aria-level=\"1\"><i><span style=\"font-weight: 400;\">E-mail <\/span><\/i><a href=\"mailto:protecciondedatos@rovi.es\"><i><span style=\"font-weight: 400;\">protecciondedatos@rovi.es<\/span><\/i><\/a><\/li><\/ul><\/td><\/tr><tr><td><p><b>Purpose<\/b><\/p><\/td><td><p><span style=\"font-weight: 400;\">To allow<\/span> <span style=\"font-weight: 400;\">access to the Website and its contents and functionalities, manage and optimize the Website, as well as preserve its security and integrity to ensure its proper functioning and the security of the network and information, process and respond to Users' requests, applications, incidents or queries, as well as carry out monitoring and analysis thereof for statistical purposes.<\/span><span style=\"font-weight: 400;\">.<\/span><\/p><p><b><i>More info<\/i><\/b><\/p><\/td><\/tr><tr><td><p><b>Legal Basics<\/b><\/p><\/td><td><p><i><span style=\"font-weight: 400;\">Legitimate interest of CELLS IA<\/span><\/i><\/p><p><b><i>More info<\/i><\/b><\/p><\/td><\/tr><tr><td><p><b>Rights<\/b><\/p><\/td><td><p><i><span style=\"font-weight: 400;\">You may exercise at any time the rights<\/span><\/i> <i><span style=\"font-weight: 400;\">of access to personal data, rectification, erasure, portability and restriction of processing, as well as the right to object to it or other legally recognized rights, by contacting CELLS IA at the address indicated in the Controller section.<\/span><\/i><\/p><p><b><i>More info<\/i><\/b><\/p><\/td><\/tr><tr><td><p><b>Additional Information<\/b><\/p><\/td><td><p><i><span style=\"font-weight: 400;\">We invite you to read our Privacy Policy below to understand in detail how we will use your personal data and the rights you have in relation to it.<\/span><\/i><b><i>\u00a0<\/i><\/b><\/p><p><b><i>More info<\/i><\/b><\/p><\/td><\/tr><\/tbody><\/table><p>\u00a0<\/p><p><span style=\"font-weight: 400;\">This Privacy Policy contains all information relating to the processing carried out by CELLS IA TECHNOLOGIES S.L., (hereinafter, \"CELLS IA\") of the personal data collected through this Website in relation to the interaction each user has with CELLS IA, in accordance with the provisions of the General Data Protection Regulation.<\/span><\/p><p><span style=\"font-weight: 400;\">For the purposes of this Policy, the following terms shall be understood as:<\/span><\/p><p><b>User(s):<\/b><span style=\"font-weight: 400;\"> any person who accesses, browses or uses any of the functions available on the Website.<\/span><\/p><p><b>1. Who is the data controller?<\/b><\/p><p><span style=\"font-weight: 400;\">Below you will find the registration and contact details of the company responsible for the processing of your personal data, as well as its Data Protection Officer (hereinafter, \"DPO\").\u00a0<\/span><\/p><ul><li><span style=\"font-weight: 400;\">Identity: CELLS IA TECHNOLOGIES S.L. (CELLS IA) \u2013 VAT No.: B-01724392<\/span><\/li><li><span style=\"font-weight: 400;\">Postal address: <\/span><span style=\"font-weight: 400;\">calle Juli\u00e1n Camarillo, 35- 28037 Madrid<\/span><\/li><li><span style=\"font-weight: 400;\">Phone: <\/span><span style=\"font-weight: 400;\">91 375 62 30<\/span><i><span style=\"font-weight: 400;\">\u00a0<\/span><\/i><\/li><li><span style=\"font-weight: 400;\">E-mail:\u00a0protecciondedatos@rovi.es\u00a0<\/span><\/li><\/ul><p>\u00a0<\/p><p><b>\u00a0 2. Who is the Data Protection Officer (DPO) and how can they help you?<\/b><\/p><p><span style=\"font-weight: 400;\">Below you will find the registration and contact details of the company responsible for the processing of your personal data, as well as its Data Protection Officer (hereinafter, \"DPO\").<\/span><\/p><p><span style=\"font-weight: 400;\">DPO contact:\u00a0<\/span><a href=\"mailto:dporovi@rovi.es\"><span style=\"font-weight: 400;\">dporovi@rovi.es<\/span><\/a><\/p><p><b>3. What personal data do we process?<\/b><\/p><p><span style=\"font-weight: 400;\">CELLS IA processes the data provided by Users (hereinafter \"User\" or \"Users\" interchangeably) through the various forms and channels enabled on the website owned by CELLS IA for the purpose of responding to Users' requests, applications or queries, as well as data obtained while browsing. In any case, we will only process the personal data provided for the purposes indicated in this Privacy Policy.<\/span><\/p><p><span style=\"font-weight: 400;\">Unless expressly stated otherwise, all personal data requested in the forms enabled on the Website for data collection are mandatory as they are essential, and if you do not provide them we will not be able to handle your query or ensure the proper functioning of the Website. Therefore, Users must complete the fields marked as \"mandatory\" in the forms of the different Websites, as otherwise it may be impossible to provide the requested service or for the Website to function correctly.<\/span><\/p><p><span style=\"font-weight: 400;\">In the event of providing third-party data, the User who provides such data warrants that it has been obtained and provided to CELLS IA after having been informed and authorised by the data subjects, in accordance with data protection regulations. In this regard, the User shall hold CELLS IA harmless from any liability arising from the breach of this warranty.<\/span><\/p><p><span style=\"font-weight: 400;\">The User confirms and warrants the truthfulness and accuracy of the data provided, and that such data reflects their current status. In this regard, the User undertakes to notify CELLS IA of any changes to the data provided, in accordance with the procedure set out in section eight of this Privacy Policy<\/span><\/p><p><b>4. For what purpose do we process your personal data? What is the legal basis for the processing of personal data?\u00a0<\/b><\/p><p><span style=\"font-weight: 400;\">CELLS IA will process Users' data for the following purposes:\u00a0<\/span><\/p><ul><li style=\"font-weight: 400;\" aria-level=\"1\"><span style=\"font-weight: 400;\">To allow access to the Website and its contents and functionalities.\u00a0<\/span><\/li><li style=\"font-weight: 400;\" aria-level=\"1\"><span style=\"font-weight: 400;\">To manage and optimize the Website, as well as to preserve its security and integrity to ensure its proper functioning and the security of the network and information.\u00a0<\/span><\/li><li style=\"font-weight: 400;\" aria-level=\"1\"><span style=\"font-weight: 400;\">To process and respond to Users' requests, applications, incidents or queries when they provide their data through the forms available for this purpose on the Website. Furthermore, a subsequent follow-up will be carried out and the information will be analysed for statistical purposes.\u00a0<\/span><\/li><\/ul><p><span style=\"font-weight: 400;\">The legal basis for the processing of data is the legitimate interest of CELLS IA for all the purposes referred to above.<\/span><\/p><p><b>5. For how long will we process your personal data?<\/b><\/p><p><span style=\"font-weight: 400;\">The retention period for your data will be determined based on the duration of your relationship with CELLS IA and the legally established periods. In this regard, the criteria used by CELLS IA to set the retention periods for your data have been determined in accordance with the requirements established in applicable legislation, regulations and regulatory guidelines, as well as the operational requirements of CELLS IA related to the management of your relationship with CELLS IA.<\/span><\/p><p><span style=\"font-weight: 400;\">The personal data provided will be retained for as long as the User does not request their deletion.\u00a0<\/span><\/p><p><span style=\"font-weight: 400;\">In particular, personal data collected for the purpose of handling a request, query, application or incident will be retained for the period necessary to resolve such requests, queries, applications and incidents and, once resolved, for the periods established by applicable legislation for the purpose of addressing possible claims.<\/span><\/p><p><span style=\"font-weight: 400;\">Once the aforementioned periods have elapsed and all necessary actions have been taken to manage and resolve requests, queries, applications and incidents, personal data will be blocked and\/or deleted in accordance with applicable regulations.<\/span><\/p><p><b>6. To whom will we disclose your personal data?<\/b><\/p><p><span style=\"font-weight: 400;\">CELLS IA<\/span> <span style=\"font-weight: 400;\">may disclose your personal data to Public Authorities, regulators or governmental bodies when required by applicable legislation.<\/span><\/p><p><span style=\"font-weight: 400;\">Apart from the aforementioned data disclosures, CELLS IA<\/span> <span style=\"font-weight: 400;\">works with certain external service providers who have access to your personal data and who process such data<\/span> <span style=\"font-weight: 400;\">as a result of the provision of services.<\/span><\/p><p><span style=\"font-weight: 400;\">CELLS IA<\/span> <span style=\"font-weight: 400;\">follows strict criteria for selecting service providers in order to comply with its data protection obligations.<\/span><\/p><p><b>7. Are there international data transfers?\u00a0<\/b><\/p><p><span style=\"font-weight: 400;\">CELLS IA may have third-party collaborators or service providers located outside the territory of the European Union. In such cases, CELLS IA will require such collaborators or providers to adopt the necessary technical and organisational measures to ensure the security and confidentiality of the personal data transferred.\u00a0<\/span><\/p><p><span style=\"font-weight: 400;\">You may obtain a copy of the measures required by CELLS IA by contacting the Data Protection Officer at the email address indicated above.\u00a0<\/span><\/p><p><span style=\"font-weight: 400;\">Likewise, CELLS IA may transfer the personal data referred to herein to other companies of the ROVI Group where necessary for the purposes indicated above.<\/span><\/p><p><b>8. What are your rights when you provide us with your personal data?<\/b><\/p><p><span style=\"font-weight: 400;\">Users may exercise their right of access to personal data, as well as request the rectification of inaccurate data or, where applicable, its deletion. They may also request the restriction, portability and objection to the processing of their data.<\/span><\/p><p><span style=\"font-weight: 400;\">The User may exercise the aforementioned rights, under the terms provided by applicable legislation, by contacting CELLS IA, before the supervisory authority of the Member State of the Spanish Data Protection Agency, or via the email address protecciondedatos@rovi.es.<\/span><\/p><p><span style=\"font-weight: 400;\">When deemed appropriate, especially in the event of not receiving a satisfactory response, you may lodge a complaint with CELLS IA, whose contact details have been provided at the beginning.\u00a0<\/span><\/p><p><b>9. CELLS IA DPO Contact.\u00a0<\/b><\/p><p><span style=\"font-weight: 400;\">Should you have any doubts or questions regarding the processing of personal data by CELLS IA, the User may contact the Company's Data Protection Officer at the following email address: <\/span><a href=\"mailto:dporovi@rovi.es\"><span style=\"font-weight: 400;\">dporovi@rovi.es<\/span><\/a><span style=\"font-weight: 400;\">.<\/span><\/p><p style=\"text-align: left;\"><strong>CELLS IA TECHNOLOGIES S.L. 2026 \u2013 Espa\u00f1a<\/strong><\/p><p style=\"text-align: left;\"><strong>Todos los derechos reservados<\/strong><\/p>\t\t\t\t\t\t\t\t<\/div>\n\t\t\t\t<\/div>\n\t\t<div class=\"elementor-element elementor-element-8f5d86c eclipse-blue e-flex e-con-boxed e-con e-child\" data-id=\"8f5d86c\" data-element_type=\"container\" data-settings=\"{&quot;position&quot;:&quot;absolute&quot;}\">\n\t\t\t\t\t<div class=\"e-con-inner\">\n\t\t\t\t\t<\/div>\n\t\t\t\t<\/div>\n\t\t<div class=\"elementor-element elementor-element-d7cf411 eclipse-blue e-flex e-con-boxed e-con e-child\" data-id=\"d7cf411\" data-element_type=\"container\" data-settings=\"{&quot;position&quot;:&quot;absolute&quot;}\">\n\t\t\t\t\t<div class=\"e-con-inner\">\n\t\t\t\t\t<\/div>\n\t\t\t\t<\/div>\n\t\t\t\t\t<\/div>\n\t\t\t\t<\/div>\n\t\t\t\t<\/div>","protected":false},"excerpt":{"rendered":"<p>Pol\u00edtica de privacidad INFORMACI\u00d3N SOBRE PROTECCI\u00d3N DE DATOS PERSONALES De conformidad con el Reglamento (UE) 2016\/679 del Parlamento Europeo y del Consejo, de 27 de abril de 2016, relativo a protecci\u00f3n de las personas f\u00edsicas en lo que respecta al tratamiento de datos personales y a la libre circulaci\u00f3n de estos datos, a continuaci\u00f3n, le [&hellip;]<\/p>","protected":false},"author":1,"featured_media":0,"parent":0,"menu_order":50,"comment_status":"closed","ping_status":"closed","template":"","meta":{"footnotes":""},"class_list":["post-3","page","type-page","status-publish","hentry"],"yoast_head":"<!-- This site is optimized with the Yoast SEO plugin v25.2 - https:\/\/yoast.com\/wordpress\/plugins\/seo\/ -->\n<title>Pol\u00edtica de privacidad - CELLS IA<\/title>\n<meta name=\"robots\" content=\"index, follow, max-snippet:-1, max-image-preview:large, max-video-preview:-1\" \/>\n<link rel=\"canonical\" href=\"https:\/\/cells-ia.com\/en\/privacy-policy\/\" \/>\n<meta property=\"og:locale\" content=\"en_US\" \/>\n<meta property=\"og:type\" content=\"article\" \/>\n<meta property=\"og:title\" content=\"Pol\u00edtica de privacidad - CELLS IA\" \/>\n<meta property=\"og:description\" content=\"Pol\u00edtica de privacidad INFORMACI\u00d3N SOBRE PROTECCI\u00d3N DE DATOS PERSONALES De conformidad con el Reglamento (UE) 2016\/679 del Parlamento Europeo y del Consejo, de 27 de abril de 2016, relativo a protecci\u00f3n de las personas f\u00edsicas en lo que respecta al tratamiento de datos personales y a la libre circulaci\u00f3n de estos datos, a continuaci\u00f3n, le [&hellip;]\" \/>\n<meta property=\"og:url\" content=\"https:\/\/cells-ia.com\/en\/privacy-policy\/\" \/>\n<meta property=\"og:site_name\" content=\"CELLS IA\" \/>\n<meta property=\"article:modified_time\" content=\"2026-03-19T21:14:14+00:00\" \/>\n<meta name=\"twitter:card\" content=\"summary_large_image\" \/>\n<meta name=\"twitter:label1\" content=\"Est. reading time\" \/>\n\t<meta name=\"twitter:data1\" content=\"8 minutes\" \/>\n<script type=\"application\/ld+json\" class=\"yoast-schema-graph\">{\"@context\":\"https:\/\/schema.org\",\"@graph\":[{\"@type\":\"WebPage\",\"@id\":\"https:\/\/cells-ia.com\/politica-privacidad\/\",\"url\":\"https:\/\/cells-ia.com\/politica-privacidad\/\",\"name\":\"Pol\u00edtica de privacidad - CELLS IA\",\"isPartOf\":{\"@id\":\"https:\/\/cells-ia.com\/#website\"},\"datePublished\":\"2024-04-22T09:41:47+00:00\",\"dateModified\":\"2026-03-19T21:14:14+00:00\",\"breadcrumb\":{\"@id\":\"https:\/\/cells-ia.com\/politica-privacidad\/#breadcrumb\"},\"inLanguage\":\"en-US\",\"potentialAction\":[{\"@type\":\"ReadAction\",\"target\":[\"https:\/\/cells-ia.com\/politica-privacidad\/\"]}]},{\"@type\":\"BreadcrumbList\",\"@id\":\"https:\/\/cells-ia.com\/politica-privacidad\/#breadcrumb\",\"itemListElement\":[{\"@type\":\"ListItem\",\"position\":1,\"name\":\"Portada\",\"item\":\"https:\/\/cells-ia.com\/\"},{\"@type\":\"ListItem\",\"position\":2,\"name\":\"Pol\u00edtica de privacidad\"}]},{\"@type\":\"WebSite\",\"@id\":\"https:\/\/cells-ia.com\/#website\",\"url\":\"https:\/\/cells-ia.com\/\",\"name\":\"CELLS IA\",\"description\":\"\",\"publisher\":{\"@id\":\"https:\/\/cells-ia.com\/#organization\"},\"potentialAction\":[{\"@type\":\"SearchAction\",\"target\":{\"@type\":\"EntryPoint\",\"urlTemplate\":\"https:\/\/cells-ia.com\/?s={search_term_string}\"},\"query-input\":{\"@type\":\"PropertyValueSpecification\",\"valueRequired\":true,\"valueName\":\"search_term_string\"}}],\"inLanguage\":\"en-US\"},{\"@type\":\"Organization\",\"@id\":\"https:\/\/cells-ia.com\/#organization\",\"name\":\"CELLS IA\",\"url\":\"https:\/\/cells-ia.com\/\",\"logo\":{\"@type\":\"ImageObject\",\"inLanguage\":\"en-US\",\"@id\":\"https:\/\/cells-ia.com\/#\/schema\/logo\/image\/\",\"url\":\"https:\/\/cells-ia.com\/wp-content\/uploads\/2024\/04\/cellslogo.svg\",\"contentUrl\":\"https:\/\/cells-ia.com\/wp-content\/uploads\/2024\/04\/cellslogo.svg\",\"width\":150,\"height\":36,\"caption\":\"CELLS IA\"},\"image\":{\"@id\":\"https:\/\/cells-ia.com\/#\/schema\/logo\/image\/\"},\"sameAs\":[\"https:\/\/es.linkedin.com\/company\/cellsia\"]}]}<\/script>\n<!-- \/ Yoast SEO plugin. -->","yoast_head_json":{"title":"Pol\u00edtica de privacidad - CELLS IA","robots":{"index":"index","follow":"follow","max-snippet":"max-snippet:-1","max-image-preview":"max-image-preview:large","max-video-preview":"max-video-preview:-1"},"canonical":"https:\/\/cells-ia.com\/en\/privacy-policy\/","og_locale":"en_US","og_type":"article","og_title":"Pol\u00edtica de privacidad - CELLS IA","og_description":"Pol\u00edtica de privacidad INFORMACI\u00d3N SOBRE PROTECCI\u00d3N DE DATOS PERSONALES De conformidad con el Reglamento (UE) 2016\/679 del Parlamento Europeo y del Consejo, de 27 de abril de 2016, relativo a protecci\u00f3n de las personas f\u00edsicas en lo que respecta al tratamiento de datos personales y a la libre circulaci\u00f3n de estos datos, a continuaci\u00f3n, le [&hellip;]","og_url":"https:\/\/cells-ia.com\/en\/privacy-policy\/","og_site_name":"CELLS IA","article_modified_time":"2026-03-19T21:14:14+00:00","twitter_card":"summary_large_image","twitter_misc":{"Est. reading time":"8 minutes"},"schema":{"@context":"https:\/\/schema.org","@graph":[{"@type":"WebPage","@id":"https:\/\/cells-ia.com\/politica-privacidad\/","url":"https:\/\/cells-ia.com\/politica-privacidad\/","name":"Pol\u00edtica de privacidad - CELLS IA","isPartOf":{"@id":"https:\/\/cells-ia.com\/#website"},"datePublished":"2024-04-22T09:41:47+00:00","dateModified":"2026-03-19T21:14:14+00:00","breadcrumb":{"@id":"https:\/\/cells-ia.com\/politica-privacidad\/#breadcrumb"},"inLanguage":"en-US","potentialAction":[{"@type":"ReadAction","target":["https:\/\/cells-ia.com\/politica-privacidad\/"]}]},{"@type":"BreadcrumbList","@id":"https:\/\/cells-ia.com\/politica-privacidad\/#breadcrumb","itemListElement":[{"@type":"ListItem","position":1,"name":"Portada","item":"https:\/\/cells-ia.com\/"},{"@type":"ListItem","position":2,"name":"Pol\u00edtica de privacidad"}]},{"@type":"WebSite","@id":"https:\/\/cells-ia.com\/#website","url":"https:\/\/cells-ia.com\/","name":"CELLS IA","description":"","publisher":{"@id":"https:\/\/cells-ia.com\/#organization"},"potentialAction":[{"@type":"SearchAction","target":{"@type":"EntryPoint","urlTemplate":"https:\/\/cells-ia.com\/?s={search_term_string}"},"query-input":{"@type":"PropertyValueSpecification","valueRequired":true,"valueName":"search_term_string"}}],"inLanguage":"en-US"},{"@type":"Organization","@id":"https:\/\/cells-ia.com\/#organization","name":"CELLS IA","url":"https:\/\/cells-ia.com\/","logo":{"@type":"ImageObject","inLanguage":"en-US","@id":"https:\/\/cells-ia.com\/#\/schema\/logo\/image\/","url":"https:\/\/cells-ia.com\/wp-content\/uploads\/2024\/04\/cellslogo.svg","contentUrl":"https:\/\/cells-ia.com\/wp-content\/uploads\/2024\/04\/cellslogo.svg","width":150,"height":36,"caption":"CELLS IA"},"image":{"@id":"https:\/\/cells-ia.com\/#\/schema\/logo\/image\/"},"sameAs":["https:\/\/es.linkedin.com\/company\/cellsia"]}]}},"_links":{"self":[{"href":"https:\/\/cells-ia.com\/en\/wp-json\/wp\/v2\/pages\/3","targetHints":{"allow":["GET"]}}],"collection":[{"href":"https:\/\/cells-ia.com\/en\/wp-json\/wp\/v2\/pages"}],"about":[{"href":"https:\/\/cells-ia.com\/en\/wp-json\/wp\/v2\/types\/page"}],"author":[{"embeddable":true,"href":"https:\/\/cells-ia.com\/en\/wp-json\/wp\/v2\/users\/1"}],"replies":[{"embeddable":true,"href":"https:\/\/cells-ia.com\/en\/wp-json\/wp\/v2\/comments?post=3"}],"version-history":[{"count":4,"href":"https:\/\/cells-ia.com\/en\/wp-json\/wp\/v2\/pages\/3\/revisions"}],"predecessor-version":[{"id":3509,"href":"https:\/\/cells-ia.com\/en\/wp-json\/wp\/v2\/pages\/3\/revisions\/3509"}],"wp:attachment":[{"href":"https:\/\/cells-ia.com\/en\/wp-json\/wp\/v2\/media?parent=3"}],"curies":[{"name":"wp","href":"https:\/\/api.w.org\/{rel}","templated":true}]}}