{"id":448,"date":"2024-05-07T08:41:53","date_gmt":"2024-05-07T06:41:53","guid":{"rendered":"https:\/\/cells-ia.com\/?page_id=448"},"modified":"2026-03-19T22:16:12","modified_gmt":"2026-03-19T21:16:12","slug":"legal-notice","status":"publish","type":"page","link":"https:\/\/cells-ia.com\/en\/legal-notice\/","title":{"rendered":"Legal Notice"},"content":{"rendered":"<div data-elementor-type=\"wp-page\" data-elementor-id=\"448\" class=\"elementor elementor-448\" data-elementor-post-type=\"page\">\n\t\t\t\t<div class=\"elementor-element elementor-element-a2a1aad e-flex e-con-boxed e-con e-parent\" data-id=\"a2a1aad\" data-element_type=\"container\">\n\t\t\t\t\t<div class=\"e-con-inner\">\n\t\t\t\t<div class=\"elementor-element elementor-element-4878e48 elementor-widget elementor-widget-heading\" data-id=\"4878e48\" data-element_type=\"widget\" data-widget_type=\"heading.default\">\n\t\t\t\t<div class=\"elementor-widget-container\">\n\t\t\t\t\t<h1 class=\"elementor-heading-title elementor-size-default\">Legal Notice<\/h1>\t\t\t\t<\/div>\n\t\t\t\t<\/div>\n\t\t<div class=\"elementor-element elementor-element-9e8ead5 eclipse-blue e-con-full e-flex e-con e-child\" data-id=\"9e8ead5\" data-element_type=\"container\" data-settings=\"{&quot;position&quot;:&quot;absolute&quot;}\">\n\t\t\t\t<\/div>\n\t\t\t\t<div class=\"elementor-element elementor-element-dc0af14 elementor-widget__width-initial elementor-widget elementor-widget-text-editor\" data-id=\"dc0af14\" data-element_type=\"widget\" data-widget_type=\"text-editor.default\">\n\t\t\t\t<div class=\"elementor-widget-container\">\n\t\t\t\t\t\t\t\t\t<p>This Legal Notice establishes the terms of use for the website https:\/\/cells-ia.com (hereinafter, the Website). Use of the Website confers the status of User upon the browser, which implies acceptance of and commitment to comply with each and every one of the terms and conditions contained in this Legal Notice, in the version published at the time of access. Therefore, Users are advised to read this Legal Notice carefully each time they access the Website. These Terms and Conditions shall apply regardless of the existence of other specific terms and conditions applicable to certain services provided on the Website.<\/p><p><strong>Identifying information of the Service Provider<\/strong><\/p><p><strong>Identifying information of the Service Provider<\/strong>: CELLS IA TECHNOLOGIES S.L. (hereinafter, CELLS IA).<\/p><p><strong>Home<\/strong>: Calle Juli\u00e1n Camarillo, 35, 28037 Madrid<\/p><p><strong>CIF<\/strong>: B01724392<\/p><p><strong>Website address:<\/strong> <a href=\"https:\/\/cells-ia.com\/en\/\">cells-ia.com<\/a><\/p><p><strong>Registration information:<\/strong> Registered in the Commercial Registry of Madrid, under volume number 40,629, folio 118, sheet M-720965<\/p><p><strong>Contact<\/strong>CELLS IA welcomes any suggestions, corrections, or comments that may help prevent or resolve any issues or irregularities on the website as quickly and efficiently as possible. Such communications can be sent by email. <a href=\"mailto:contacto@cells-ia.com\">contacto@cells-ia.com<\/a><\/p><h2>Terms and Conditions of Use<\/h2><p>The terms and conditions contained in this Legal Notice will apply to all pages listed in the Site Map, which are the only pages included on this Website.<\/p><p>Access to this website is the sole responsibility of the users and implies acceptance of these terms and conditions of use. The use of certain services will also imply the unreserved acceptance of any specific rules or instructions that CELLS IA may establish at any time, whether as a substitute for or supplement to these general terms and conditions.<\/p><p>The User must make lawful use of this Website and its services in accordance with these terms and conditions of use and current legislation.<\/p><p>CELLS IA may unilaterally modify the terms and conditions of use of this Website by publishing them in this legal\n  notice, and they shall take effect from the moment of their publication.<\/p><h2>Browsing<\/h2><p>Despite having adopted the technical measures within its reach, CELLS IA does not guarantee that access to the\n  Website will be uninterrupted or error-free. Nor does it guarantee that the content or software accessible through the\n   Website is error-free or will not cause damage. Under no circumstances shall CELLS IA be liable for any losses,\n  damages or harm of any kind arising from access to and browsing of the Website, including but not limited to those\n  caused to computer systems or those caused by the introduction of viruses.<\/p><p>CELLS IA is not responsible for any damages that may be caused to Users by improper use of the Website. In\n  particular, it is in no way responsible for any drops, interruptions, lack or defect in telecommunications that may\n  occur while the User browses the Website.<\/p><h2>Access and Security<\/h2><p>Access to this Website does not grant Users any right or ownership over the intellectual or industrial property\n  rights or the content it hosts. Users accessing this Website may not copy, modify, distribute, transmit, reproduce,\n  publish, assign or sell the aforementioned elements or create new products or services derived from the information\n  obtained without the express written authorisation of the rights holders<\/p><h2>Contents<\/h2><p>CELLS IA makes every effort to avoid any errors in the content that may appear on the Website.<\/p><p>CELLS IA does not guarantee nor is it responsible for the consequences that may arise from errors in the content\n  that may appear on the Website.<\/p><h2>Updates and Modifications to the Website<\/h2><p>The information displayed on the Website is current as of the date of its last update. CELLS IA is not responsible\n   for the currency and suitability of the information contained therein.<\/p><p>Users may not alter, change, modify or adapt the Website. CELLS IA reserves the right to make any updates, changes\n   and modifications it deems appropriate, and may exercise this right at any time without prior notice.<\/p><h2>Blog and Opinion Forums<\/h2><p>Messages, comments, data or opinions posted on the Blog or opinion forums that may be enabled on the Website are\n  stored as-is, for the sole purpose for which they are intended, which is to inform, express opinions and serve as a\n  means of contact between Users. CELLS IA is not responsible for nor does it identify with the comments or opinions\n  posted on the forums by any User.<\/p><p>Posts on the Blog or forums containing references to racist or sexist topics will not be permitted, nor will any\n  post that leads to personal matters, whether through insults, comments, non-constructive criticism or mere allusions\n  that may violate the right to privacy of Users of this website or of persons or entities external to it. Any User may\n  report the existence of such posts by contacting<\/p><p>It is not permitted to use the Blog or forum for spam, off-topic advertising, harvesting email addresses or any\n  type of illegal action.<\/p><p>Responsibility for the information and activities carried out on the forum lies exclusively with the User,\n  exempting CELLS IA from any liability arising therefrom if they are unlawful or harm the property or rights of a third\n   party. CELLS IA reserves the right to cancel, delete any comment or deny access to any User who breaches these rules\n  or acts illegally. However, in accordance with Article 16 of Law 34\/2002, of 11 July, on Information Society Services\n  and Electronic Commerce, CELLS IA is not responsible for the information or comments posted by Users.<\/p><p>When CELLS IA becomes effectively aware that the activity or information stored is unlawful or that it harms the\n  property or rights of a third party, it will remove it immediately.<\/p><p>Reproduction of the content of the Blog or opinion forum without prior authorisation is prohibited.<\/p><h2>Intellectual and Industrial Property<\/h2><p>This Website, its source code and its contents are protected by Intellectual Property Law. They may not be\n  exploited, reproduced, distributed, modified, publicly communicated, assigned or transformed without the express\n  authorisation of the rights holders.<\/p><p>The design, images, signs, distinctive marks, trade names, trademarks, logos, products and services contained on\n  this Website are protected by Industrial Property law.<\/p><p>CELLS IA is the owner or licensee of all rights to the content of this Website and legitimately holds exclusive\n  exploitation rights over them, except for those rights of certain providers with whom the corresponding content\n  provision contract has been signed, and they are protected by national and international intellectual and industrial\n  property regulations, to which these conditions shall also apply.<\/p><p>Access to this Website does not grant Users any right or ownership over the intellectual or industrial property\n  rights or the content it hosts. Users accessing this Website may not copy, modify, distribute, transmit, reproduce,\n  publish, assign or sell the aforementioned elements or create new products or services derived from the information\n  obtained without the express written authorisation of the rights holders.<\/p><p>Any alteration of the content or structure of this Website by the User is strictly prohibited.<\/p><p>Should you send any type of information to CELLS IA, you declare, warrant and accept that you have the right to do\n   so freely, that such information does not infringe any intellectual property, trademark, patent, trade secret or any\n  other third-party right, that such information is not confidential and that such information is not harmful to third\n  parties.<\/p><p>CELLS IA reserves the right to take appropriate legal action against Users who violate or infringe intellectual\n  and industrial property rights.<\/p><h2>Hyperlinks<\/h2><p>The Website may include access links (hyperlinks) to other websites of which CELLS IA is not the owner. Under no\n  circumstances shall this imply the existence of a relationship between CELLS IA and the owner of the website to which\n  such hyperlink redirects, nor its approval or acceptance. CELLS IA shall not be responsible for the lawfulness of the\n  content published therein.<\/p><p>Any other website is prohibited from incorporating a hyperlink to the CELLS IA Website without its express\n  authorisation. In any case, such authorisation shall imply that the hyperlink is not made in a way that damages the\n  public and brand image of CELLS IA or the Website itself, as well as the third parties referenced therein.<\/p><p>CELLS IA will remove any link as soon as it becomes aware by any means of the unlawfulness of its content or that\n  it harms the property or rights of a third party.<\/p><h2>Website Privacy Policy<\/h2><p>For more information about our data protection and privacy policy, please see our Privacy Policy<\/p><h2>Use of Cookies<\/h2><p>The use of cookies is necessary to use our Website. Cookies are used to facilitate browsing and offer a\n  personalised and more agile service, as well as a statistical tool to obtain usage statistics for the website. They\n  are never used to store information that could identify the User. For more information, please see our Cookie Policy.<\/p><h2>Applicable Law and Jurisdiction.<\/h2><p>The terms and conditions governing the Website and all relationships that may arise therefrom are safeguarded by\n  Spanish law.<\/p><p>Any dispute arising from access to or use of the Website shall be subject to the exclusive jurisdiction of the\n  Courts and Tribunals of Madrid (Spain).<\/p><p><strong>CELLS IA TECHNOLOGIES S.L. 2026<\/strong><\/p><p><strong>All rights reserved.<\/strong><\/p>\t\t\t\t\t\t\t\t<\/div>\n\t\t\t\t<\/div>\n\t\t<div class=\"elementor-element elementor-element-e1c6cd1 eclipse-blue e-flex e-con-boxed e-con e-child\" data-id=\"e1c6cd1\" data-element_type=\"container\" data-settings=\"{&quot;position&quot;:&quot;absolute&quot;}\">\n\t\t\t\t\t<div class=\"e-con-inner\">\n\t\t\t\t\t<\/div>\n\t\t\t\t<\/div>\n\t\t\t\t\t<\/div>\n\t\t\t\t<\/div>\n\t\t\t\t<\/div>","protected":false},"excerpt":{"rendered":"<p>Aviso legal El presente Aviso Legal establece las condiciones de uso de la P\u00e1gina Web\u00a0 https:\/\/cells-ia.com (en adelante la P\u00e1gina Web). La utilizaci\u00f3n de la misma atribuye al navegante la condici\u00f3n de Usuario, lo que implica la adhesi\u00f3n y compromiso de cumplimiento de todas y cada una de las condiciones contenidas en este Aviso Legal, [&hellip;]<\/p>","protected":false},"author":1,"featured_media":0,"parent":0,"menu_order":20,"comment_status":"closed","ping_status":"closed","template":"","meta":{"footnotes":""},"class_list":["post-448","page","type-page","status-publish","hentry"],"yoast_head":"<!-- This site is optimized with the Yoast SEO plugin v25.2 - https:\/\/yoast.com\/wordpress\/plugins\/seo\/ -->\n<title>Aviso Legal - CELLS IA<\/title>\n<meta name=\"robots\" content=\"index, follow, max-snippet:-1, max-image-preview:large, max-video-preview:-1\" \/>\n<link rel=\"canonical\" href=\"https:\/\/cells-ia.com\/en\/legal-notice\/\" \/>\n<meta property=\"og:locale\" content=\"en_US\" \/>\n<meta property=\"og:type\" content=\"article\" \/>\n<meta property=\"og:title\" content=\"Aviso Legal - CELLS IA\" \/>\n<meta property=\"og:description\" content=\"Aviso legal El presente Aviso Legal establece las condiciones de uso de la P\u00e1gina Web\u00a0 https:\/\/cells-ia.com (en adelante la P\u00e1gina Web). La utilizaci\u00f3n de la misma atribuye al navegante la condici\u00f3n de Usuario, lo que implica la adhesi\u00f3n y compromiso de cumplimiento de todas y cada una de las condiciones contenidas en este Aviso Legal, [&hellip;]\" \/>\n<meta property=\"og:url\" content=\"https:\/\/cells-ia.com\/en\/legal-notice\/\" \/>\n<meta property=\"og:site_name\" content=\"CELLS IA\" \/>\n<meta property=\"article:modified_time\" content=\"2026-03-19T21:16:12+00:00\" \/>\n<meta name=\"twitter:card\" content=\"summary_large_image\" \/>\n<meta name=\"twitter:label1\" content=\"Est. reading time\" \/>\n\t<meta name=\"twitter:data1\" content=\"9 minutes\" \/>\n<script type=\"application\/ld+json\" class=\"yoast-schema-graph\">{\"@context\":\"https:\/\/schema.org\",\"@graph\":[{\"@type\":\"WebPage\",\"@id\":\"https:\/\/cells-ia.com\/aviso-legal\/\",\"url\":\"https:\/\/cells-ia.com\/aviso-legal\/\",\"name\":\"Aviso Legal - CELLS IA\",\"isPartOf\":{\"@id\":\"https:\/\/cells-ia.com\/#website\"},\"datePublished\":\"2024-05-07T06:41:53+00:00\",\"dateModified\":\"2026-03-19T21:16:12+00:00\",\"breadcrumb\":{\"@id\":\"https:\/\/cells-ia.com\/aviso-legal\/#breadcrumb\"},\"inLanguage\":\"en-US\",\"potentialAction\":[{\"@type\":\"ReadAction\",\"target\":[\"https:\/\/cells-ia.com\/aviso-legal\/\"]}]},{\"@type\":\"BreadcrumbList\",\"@id\":\"https:\/\/cells-ia.com\/aviso-legal\/#breadcrumb\",\"itemListElement\":[{\"@type\":\"ListItem\",\"position\":1,\"name\":\"Portada\",\"item\":\"https:\/\/cells-ia.com\/\"},{\"@type\":\"ListItem\",\"position\":2,\"name\":\"Aviso Legal\"}]},{\"@type\":\"WebSite\",\"@id\":\"https:\/\/cells-ia.com\/#website\",\"url\":\"https:\/\/cells-ia.com\/\",\"name\":\"CELLS IA\",\"description\":\"\",\"publisher\":{\"@id\":\"https:\/\/cells-ia.com\/#organization\"},\"potentialAction\":[{\"@type\":\"SearchAction\",\"target\":{\"@type\":\"EntryPoint\",\"urlTemplate\":\"https:\/\/cells-ia.com\/?s={search_term_string}\"},\"query-input\":{\"@type\":\"PropertyValueSpecification\",\"valueRequired\":true,\"valueName\":\"search_term_string\"}}],\"inLanguage\":\"en-US\"},{\"@type\":\"Organization\",\"@id\":\"https:\/\/cells-ia.com\/#organization\",\"name\":\"CELLS IA\",\"url\":\"https:\/\/cells-ia.com\/\",\"logo\":{\"@type\":\"ImageObject\",\"inLanguage\":\"en-US\",\"@id\":\"https:\/\/cells-ia.com\/#\/schema\/logo\/image\/\",\"url\":\"https:\/\/cells-ia.com\/wp-content\/uploads\/2024\/04\/cellslogo.svg\",\"contentUrl\":\"https:\/\/cells-ia.com\/wp-content\/uploads\/2024\/04\/cellslogo.svg\",\"width\":150,\"height\":36,\"caption\":\"CELLS IA\"},\"image\":{\"@id\":\"https:\/\/cells-ia.com\/#\/schema\/logo\/image\/\"},\"sameAs\":[\"https:\/\/es.linkedin.com\/company\/cellsia\"]}]}<\/script>\n<!-- \/ Yoast SEO plugin. -->","yoast_head_json":{"title":"Aviso Legal - CELLS IA","robots":{"index":"index","follow":"follow","max-snippet":"max-snippet:-1","max-image-preview":"max-image-preview:large","max-video-preview":"max-video-preview:-1"},"canonical":"https:\/\/cells-ia.com\/en\/legal-notice\/","og_locale":"en_US","og_type":"article","og_title":"Aviso Legal - CELLS IA","og_description":"Aviso legal El presente Aviso Legal establece las condiciones de uso de la P\u00e1gina Web\u00a0 https:\/\/cells-ia.com (en adelante la P\u00e1gina Web). La utilizaci\u00f3n de la misma atribuye al navegante la condici\u00f3n de Usuario, lo que implica la adhesi\u00f3n y compromiso de cumplimiento de todas y cada una de las condiciones contenidas en este Aviso Legal, [&hellip;]","og_url":"https:\/\/cells-ia.com\/en\/legal-notice\/","og_site_name":"CELLS IA","article_modified_time":"2026-03-19T21:16:12+00:00","twitter_card":"summary_large_image","twitter_misc":{"Est. reading time":"9 minutes"},"schema":{"@context":"https:\/\/schema.org","@graph":[{"@type":"WebPage","@id":"https:\/\/cells-ia.com\/aviso-legal\/","url":"https:\/\/cells-ia.com\/aviso-legal\/","name":"Aviso Legal - CELLS IA","isPartOf":{"@id":"https:\/\/cells-ia.com\/#website"},"datePublished":"2024-05-07T06:41:53+00:00","dateModified":"2026-03-19T21:16:12+00:00","breadcrumb":{"@id":"https:\/\/cells-ia.com\/aviso-legal\/#breadcrumb"},"inLanguage":"en-US","potentialAction":[{"@type":"ReadAction","target":["https:\/\/cells-ia.com\/aviso-legal\/"]}]},{"@type":"BreadcrumbList","@id":"https:\/\/cells-ia.com\/aviso-legal\/#breadcrumb","itemListElement":[{"@type":"ListItem","position":1,"name":"Portada","item":"https:\/\/cells-ia.com\/"},{"@type":"ListItem","position":2,"name":"Aviso Legal"}]},{"@type":"WebSite","@id":"https:\/\/cells-ia.com\/#website","url":"https:\/\/cells-ia.com\/","name":"CELLS IA","description":"","publisher":{"@id":"https:\/\/cells-ia.com\/#organization"},"potentialAction":[{"@type":"SearchAction","target":{"@type":"EntryPoint","urlTemplate":"https:\/\/cells-ia.com\/?s={search_term_string}"},"query-input":{"@type":"PropertyValueSpecification","valueRequired":true,"valueName":"search_term_string"}}],"inLanguage":"en-US"},{"@type":"Organization","@id":"https:\/\/cells-ia.com\/#organization","name":"CELLS IA","url":"https:\/\/cells-ia.com\/","logo":{"@type":"ImageObject","inLanguage":"en-US","@id":"https:\/\/cells-ia.com\/#\/schema\/logo\/image\/","url":"https:\/\/cells-ia.com\/wp-content\/uploads\/2024\/04\/cellslogo.svg","contentUrl":"https:\/\/cells-ia.com\/wp-content\/uploads\/2024\/04\/cellslogo.svg","width":150,"height":36,"caption":"CELLS IA"},"image":{"@id":"https:\/\/cells-ia.com\/#\/schema\/logo\/image\/"},"sameAs":["https:\/\/es.linkedin.com\/company\/cellsia"]}]}},"_links":{"self":[{"href":"https:\/\/cells-ia.com\/en\/wp-json\/wp\/v2\/pages\/448","targetHints":{"allow":["GET"]}}],"collection":[{"href":"https:\/\/cells-ia.com\/en\/wp-json\/wp\/v2\/pages"}],"about":[{"href":"https:\/\/cells-ia.com\/en\/wp-json\/wp\/v2\/types\/page"}],"author":[{"embeddable":true,"href":"https:\/\/cells-ia.com\/en\/wp-json\/wp\/v2\/users\/1"}],"replies":[{"embeddable":true,"href":"https:\/\/cells-ia.com\/en\/wp-json\/wp\/v2\/comments?post=448"}],"version-history":[{"count":3,"href":"https:\/\/cells-ia.com\/en\/wp-json\/wp\/v2\/pages\/448\/revisions"}],"predecessor-version":[{"id":3489,"href":"https:\/\/cells-ia.com\/en\/wp-json\/wp\/v2\/pages\/448\/revisions\/3489"}],"wp:attachment":[{"href":"https:\/\/cells-ia.com\/en\/wp-json\/wp\/v2\/media?parent=448"}],"curies":[{"name":"wp","href":"https:\/\/api.w.org\/{rel}","templated":true}]}}